{"id":1038,"date":"2024-10-09T01:26:37","date_gmt":"2024-10-09T01:26:37","guid":{"rendered":"https:\/\/rafaelmottola.com\/horus\/?page_id=1038"},"modified":"2024-10-12T12:24:33","modified_gmt":"2024-10-12T12:24:33","slug":"depoimentos","status":"publish","type":"page","link":"https:\/\/rafaelmottola.com\/horus\/depoimentos\/","title":{"rendered":"Depoimentos"},"content":{"rendered":"\n<style type=\"text\/css\" data-created_by=\"avia_inline_auto\" id=\"style-css-av-m2175j14-03e53eb6921fa539aa316bed98c0cd41\">\n#top .av-special-heading.av-m2175j14-03e53eb6921fa539aa316bed98c0cd41{\npadding-bottom:10px;\n}\nbody .av-special-heading.av-m2175j14-03e53eb6921fa539aa316bed98c0cd41 .av-special-heading-tag .heading-char{\nfont-size:25px;\n}\n.av-special-heading.av-m2175j14-03e53eb6921fa539aa316bed98c0cd41 .av-subheading{\nfont-size:15px;\n}\n<\/style>\n<div  class='av-special-heading av-m2175j14-03e53eb6921fa539aa316bed98c0cd41 av-special-heading-h3 blockquote elegant-quote elegant-centered  avia-builder-el-0  el_before_av_textblock  avia-builder-el-first '><h3 class='av-special-heading-tag'  itemprop=\"headline\"  ><span class=\"heading-wrap\">Depoimentos em v\u00eddeo<\/span><\/h3><div class=\"special-heading-border\"><div class=\"special-heading-inner-border\"><\/div><\/div><\/div>\n<section  class='av_textblock_section av-m21758wt-da4f6af025d9924586e25b36cae5a190'  itemscope=\"itemscope\" itemtype=\"https:\/\/schema.org\/CreativeWork\" ><div class='avia_textblock'  itemprop=\"text\" ><\/div><\/section>\n<\/div><\/div><\/div><!-- close content main div --><\/div><\/div><div id='av-layout-grid-1'  class='av-layout-grid-container av-90c4b2-5705952fbb83b001d0b41825491c774e entry-content-wrapper main_color av-flex-cells  avia-builder-el-2  el_after_av_textblock  el_before_av_section  grid-row-not-first  container_wrap fullsize'  >\n<div class='flex_cell av-4gk77y-6c07fab40b7ec6cd5666637033101c8d av-gridrow-cell av_one_fifth no_margin  avia-builder-el-3  el_before_av_cell_one_fifth  avia-builder-el-first ' ><div class='flex_cell_inner'><p>\n<style type=\"text\/css\" data-created_by=\"avia_inline_auto\" id=\"style-css-av-216u72-69cff9d080c6d88371c55fe3e368389c\">\n.avia-video.av-216u72-69cff9d080c6d88371c55fe3e368389c{\npadding-bottom:178%;\n}\n<\/style>\n<div  class='avia-video av-216u72-69cff9d080c6d88371c55fe3e368389c avia-video-custom av-no-preview-image avia-video-load-always av-lazyload-immediate av-lazyload-video-embed'  itemprop=\"video\" itemtype=\"https:\/\/schema.org\/VideoObject\"  data-original_url='https:\/\/youtu.be\/mtEI-KqMBPQ'><script type='text\/html' class='av-video-tmpl'><div class='avia-iframe-wrap'><iframe loading=\"lazy\" title=\"Depoimento Felipe Marins\" width=\"1500\" height=\"844\" src=\"https:\/\/www.youtube.com\/embed\/mtEI-KqMBPQ?feature=oembed&autoplay=0&loop=0&controls=1&mute=0\" frameborder=\"0\" allow=\"accelerometer; autoplay; clipboard-write; encrypted-media; gyroscope; picture-in-picture; web-share\" referrerpolicy=\"strict-origin-when-cross-origin\" allowfullscreen><\/iframe><\/div><\/script><div class='av-click-to-play-overlay'><div class=\"avia_playpause_icon\"><\/div><\/div><\/div><br \/>\n\n<style type=\"text\/css\" data-created_by=\"avia_inline_auto\" id=\"style-css-av-m216x8ej-700f8330a50dc1b2504e4b4662e20b54\">\n.avia-video.av-m216x8ej-700f8330a50dc1b2504e4b4662e20b54{\npadding-bottom:178%;\n}\n<\/style>\n<div  class='avia-video av-m216x8ej-700f8330a50dc1b2504e4b4662e20b54 avia-video-custom av-no-preview-image avia-video-load-always av-lazyload-immediate av-lazyload-video-embed'  itemprop=\"video\" itemtype=\"https:\/\/schema.org\/VideoObject\"  data-original_url='https:\/\/youtu.be\/AMyJyKHLDdU'><script type='text\/html' class='av-video-tmpl'><div class='avia-iframe-wrap'><iframe loading=\"lazy\" title=\"Depoimentos Marcos Santiago\" width=\"1500\" height=\"844\" src=\"https:\/\/www.youtube.com\/embed\/AMyJyKHLDdU?feature=oembed&autoplay=0&loop=0&controls=1&mute=0\" frameborder=\"0\" allow=\"accelerometer; autoplay; clipboard-write; encrypted-media; gyroscope; picture-in-picture; web-share\" referrerpolicy=\"strict-origin-when-cross-origin\" allowfullscreen><\/iframe><\/div><\/script><div class='av-click-to-play-overlay'><div class=\"avia_playpause_icon\"><\/div><\/div><\/div><\/p>\n<\/div><\/div><div class='flex_cell av-4twb66-3b0c1fe6767de939a6887a861523128c av-gridrow-cell av_one_fifth no_margin  avia-builder-el-6  el_after_av_cell_one_fifth  el_before_av_cell_one_fifth ' ><div class='flex_cell_inner'><p>\n<style type=\"text\/css\" data-created_by=\"avia_inline_auto\" id=\"style-css-av-m216tpbw-4b3bc3ee5b1489cfa99811263eabebd6\">\n.avia-video.av-m216tpbw-4b3bc3ee5b1489cfa99811263eabebd6{\npadding-bottom:178%;\n}\n<\/style>\n<div  class='avia-video av-m216tpbw-4b3bc3ee5b1489cfa99811263eabebd6 avia-video-custom av-no-preview-image avia-video-load-always av-lazyload-immediate av-lazyload-video-embed'  itemprop=\"video\" itemtype=\"https:\/\/schema.org\/VideoObject\"  data-original_url='https:\/\/youtu.be\/5nAoiA2rltI'><script type='text\/html' class='av-video-tmpl'><div class='avia-iframe-wrap'><iframe loading=\"lazy\" title=\"Depoimento Alexandre Schmitz\" width=\"1500\" height=\"844\" src=\"https:\/\/www.youtube.com\/embed\/5nAoiA2rltI?feature=oembed&autoplay=0&loop=0&controls=1&mute=0\" frameborder=\"0\" allow=\"accelerometer; autoplay; clipboard-write; encrypted-media; gyroscope; picture-in-picture; web-share\" referrerpolicy=\"strict-origin-when-cross-origin\" allowfullscreen><\/iframe><\/div><\/script><div class='av-click-to-play-overlay'><div class=\"avia_playpause_icon\"><\/div><\/div><\/div><br \/>\n\n<style type=\"text\/css\" data-created_by=\"avia_inline_auto\" id=\"style-css-av-m216v52m-4efcb2eae3daae6f3ba3c4740bd31d60\">\n.avia-video.av-m216v52m-4efcb2eae3daae6f3ba3c4740bd31d60{\npadding-bottom:178%;\n}\n<\/style>\n<div  class='avia-video av-m216v52m-4efcb2eae3daae6f3ba3c4740bd31d60 avia-video-custom av-no-preview-image avia-video-load-always av-lazyload-immediate av-lazyload-video-embed'  itemprop=\"video\" itemtype=\"https:\/\/schema.org\/VideoObject\"  data-original_url='https:\/\/youtu.be\/710jHeGOsf4'><script type='text\/html' class='av-video-tmpl'><div class='avia-iframe-wrap'><iframe loading=\"lazy\" title=\"Depoimento Deisi Girardi\" width=\"1500\" height=\"844\" src=\"https:\/\/www.youtube.com\/embed\/710jHeGOsf4?feature=oembed&autoplay=0&loop=0&controls=1&mute=0\" frameborder=\"0\" allow=\"accelerometer; autoplay; clipboard-write; encrypted-media; gyroscope; picture-in-picture; web-share\" referrerpolicy=\"strict-origin-when-cross-origin\" allowfullscreen><\/iframe><\/div><\/script><div class='av-click-to-play-overlay'><div class=\"avia_playpause_icon\"><\/div><\/div><\/div><\/p>\n<\/div><\/div><div class='flex_cell av-63e1i6-3d2f3ed0d2f25d98d58732ad1683c3f1 av-gridrow-cell av_one_fifth no_margin  avia-builder-el-9  el_after_av_cell_one_fifth  el_before_av_cell_one_fifth ' ><div class='flex_cell_inner'>\n<style type=\"text\/css\" data-created_by=\"avia_inline_auto\" id=\"style-css-av-m216snc4-8c8e5754bbec58f79f2f1c4c182c6163\">\n.avia-video.av-m216snc4-8c8e5754bbec58f79f2f1c4c182c6163{\npadding-bottom:178%;\n}\n<\/style>\n<div  class='avia-video av-m216snc4-8c8e5754bbec58f79f2f1c4c182c6163 avia-video-custom av-no-preview-image avia-video-load-always av-lazyload-immediate av-lazyload-video-embed'  itemprop=\"video\" itemtype=\"https:\/\/schema.org\/VideoObject\"  data-original_url='https:\/\/youtu.be\/Aq6LDcSs3FM'><script type='text\/html' class='av-video-tmpl'><div class='avia-iframe-wrap'><iframe loading=\"lazy\" title=\"Depoimentos Adriano Cavalheiro Duarte\" width=\"1500\" height=\"844\" src=\"https:\/\/www.youtube.com\/embed\/Aq6LDcSs3FM?feature=oembed&autoplay=0&loop=0&controls=1&mute=0\" frameborder=\"0\" allow=\"accelerometer; autoplay; clipboard-write; encrypted-media; gyroscope; picture-in-picture; web-share\" referrerpolicy=\"strict-origin-when-cross-origin\" allowfullscreen><\/iframe><\/div><\/script><div class='av-click-to-play-overlay'><div class=\"avia_playpause_icon\"><\/div><\/div><\/div>\n<\/div><\/div><div class='flex_cell av-4i0a7y-f9ad45c55f21f0fd8d02107973e41232 av-gridrow-cell av_one_fifth no_margin  avia-builder-el-11  el_after_av_cell_one_fifth  el_before_av_cell_one_fifth ' ><div class='flex_cell_inner'>\n<style type=\"text\/css\" data-created_by=\"avia_inline_auto\" id=\"style-css-av-m216tyjw-7f5515691da70c5260fab70f490c9555\">\n.avia-video.av-m216tyjw-7f5515691da70c5260fab70f490c9555{\npadding-bottom:178%;\n}\n<\/style>\n<div  class='avia-video av-m216tyjw-7f5515691da70c5260fab70f490c9555 avia-video-custom av-no-preview-image avia-video-load-always av-lazyload-immediate av-lazyload-video-embed'  itemprop=\"video\" itemtype=\"https:\/\/schema.org\/VideoObject\"  data-original_url='https:\/\/youtu.be\/fXLdiJcrm44'><script type='text\/html' class='av-video-tmpl'><div class='avia-iframe-wrap'><iframe loading=\"lazy\" title=\"Depoimento Aline Soares\" width=\"1500\" height=\"844\" src=\"https:\/\/www.youtube.com\/embed\/fXLdiJcrm44?feature=oembed&autoplay=0&loop=0&controls=1&mute=0\" frameborder=\"0\" allow=\"accelerometer; autoplay; clipboard-write; encrypted-media; gyroscope; picture-in-picture; web-share\" referrerpolicy=\"strict-origin-when-cross-origin\" allowfullscreen><\/iframe><\/div><\/script><div class='av-click-to-play-overlay'><div class=\"avia_playpause_icon\"><\/div><\/div><\/div>\n<\/div><\/div><div class='flex_cell av-7eva6-c939f71693721d8bcb673e21eed3af96 av-gridrow-cell av_one_fifth no_margin  avia-builder-el-13  el_after_av_cell_one_fifth  avia-builder-el-last ' ><div class='flex_cell_inner'>\n<style type=\"text\/css\" data-created_by=\"avia_inline_auto\" id=\"style-css-av-23o02m-d06de84933860cf5bfd0c2ad294099f1\">\n.avia-video.av-23o02m-d06de84933860cf5bfd0c2ad294099f1{\npadding-bottom:178%;\n}\n<\/style>\n<div  class='avia-video av-23o02m-d06de84933860cf5bfd0c2ad294099f1 avia-video-custom av-no-preview-image avia-video-load-always av-lazyload-immediate av-lazyload-video-embed'  itemprop=\"video\" itemtype=\"https:\/\/schema.org\/VideoObject\"  data-original_url='https:\/\/youtube.com\/shorts\/t5z5ryssUgA?si=Q03g577ohteDtzvG'><script type='text\/html' class='av-video-tmpl'><div class='avia-iframe-wrap'><iframe loading=\"lazy\" title=\"Depoimento Carlos Leandro da Rosa\" width=\"1500\" height=\"844\" src=\"https:\/\/www.youtube.com\/embed\/t5z5ryssUgA?feature=oembed&autoplay=0&loop=0&controls=1&mute=0\" frameborder=\"0\" allow=\"accelerometer; autoplay; clipboard-write; encrypted-media; gyroscope; picture-in-picture; web-share\" referrerpolicy=\"strict-origin-when-cross-origin\" allowfullscreen><\/iframe><\/div><\/script><div class='av-click-to-play-overlay'><div class=\"avia_playpause_icon\"><\/div><\/div><\/div>\n<\/div><\/div>\n<\/div>\n\n<style type=\"text\/css\" data-created_by=\"avia_inline_auto\" id=\"style-css-av-iwgrim-e64ae8967b0ca59ffca996bc18a20fdd\">\n.avia-section.av-iwgrim-e64ae8967b0ca59ffca996bc18a20fdd{\nbackground-color:rgba(0,1,63,0.36);\nbackground-image:url(https:\/\/rafaelmottola.com\/horus\/wp-content\/uploads\/2024\/10\/c41.jpg);\nbackground-repeat:no-repeat;\nbackground-position:50% 50%;\nbackground-attachment:scroll;\n}\n.avia-section.av-iwgrim-e64ae8967b0ca59ffca996bc18a20fdd .av-section-color-overlay{\nopacity:0.9;\nbackground-color:rgba(0,1,63,0.36);\n}\n<\/style>\n<div id='av_section_1'  class='avia-section av-iwgrim-e64ae8967b0ca59ffca996bc18a20fdd main_color avia-section-default avia-no-border-styling  avia-builder-el-15  el_after_av_layout_row  avia-builder-el-last  avia-full-stretch avia-bg-style-scroll av-section-color-overlay-active container_wrap fullsize'  data-section-bg-repeat='stretch'><div class=\"av-section-color-overlay-wrap\"><div class=\"av-section-color-overlay\"><\/div><div class='container av-section-cont-open' ><div class='template-page content  av-content-full alpha units'><div class='post-entry post-entry-type-page post-entry-1038'><div class='entry-content-wrapper clearfix'>\n\n<style type=\"text\/css\" data-created_by=\"avia_inline_auto\" id=\"style-css-av-m217a7ia-0792f2adc426df11373337361d32a0c6\">\n#top .av-special-heading.av-m217a7ia-0792f2adc426df11373337361d32a0c6{\npadding-bottom:10px;\n}\nbody .av-special-heading.av-m217a7ia-0792f2adc426df11373337361d32a0c6 .av-special-heading-tag .heading-char{\nfont-size:25px;\n}\n.av-special-heading.av-m217a7ia-0792f2adc426df11373337361d32a0c6 .av-subheading{\nfont-size:15px;\n}\n<\/style>\n<div  class='av-special-heading av-m217a7ia-0792f2adc426df11373337361d32a0c6 av-special-heading-h3 blockquote elegant-quote elegant-centered  avia-builder-el-16  el_before_av_one_full  avia-builder-el-first '><h3 class='av-special-heading-tag'  itemprop=\"headline\"  ><span class=\"heading-wrap\">Depoimentos escritos<\/span><\/h3><div class=\"special-heading-border\"><div class=\"special-heading-inner-border\"><\/div><\/div><\/div>\n\n<style type=\"text\/css\" data-created_by=\"avia_inline_auto\" id=\"style-css-av-i5iooe-184595da872f57f62d1ee33ce85c05ee\">\n.flex_column.av-i5iooe-184595da872f57f62d1ee33ce85c05ee{\nbackground-color:rgba(0,1,63,0.36);\n}\n<\/style>\n<div class='flex_column av-i5iooe-184595da872f57f62d1ee33ce85c05ee av_one_full  avia-builder-el-17  el_after_av_heading  avia-builder-el-last  first flex_column_div '     ><p>\n<style type=\"text\/css\" data-created_by=\"avia_inline_auto\" id=\"style-css-av-m217epnw-3bd2be28f9c2707cbfb7d348e412077e\">\n#top .avia-testimonial-wrapper.av-m217epnw-3bd2be28f9c2707cbfb7d348e412077e .avia-testimonial-content{\nfont-size:10px;\n}\n<\/style>\n<div  class='avia-testimonial-wrapper av-m217epnw-3bd2be28f9c2707cbfb7d348e412077e avia-grid-testimonials avia-grid-2-testimonials avia_animate_when_almost_visible av-minimal-grid-style av-boxed-grid-style' >\n<section class=\"avia-testimonial-row\"><div class='avia-testimonial av-m217ehek-3755b98f019dc8c1a3d57c3df5819a85 avia-testimonial-row-1 avia-first-testimonial flex_column no_margin av_one_half'><div class='avia-testimonial_inner'  itemscope=\"itemscope\" itemtype=\"https:\/\/schema.org\/CreativeWork\" ><div class='avia-testimonial-content '><div class='avia-testimonial-markup-entry-content'  itemprop=\"text\" ><hr \/>\n<h6 style=\"text-align: center;\"><em>&#8220;A HORUS tem sido uma parceira fundamental para a Filhos no Curr\u00edculo ao longo dos \u00faltimos anos, especialmente na constru\u00e7\u00e3o do nosso planejamento estrat\u00e9gico e financeiro. O que mais nos encanta \u00e9 a flexibilidade no modelo de atua\u00e7\u00e3o, sempre adaptado \u00e0s nossas necessidades em constante evolu\u00e7\u00e3o. A equipe da HORUS busca incansavelmente entender nossos requisitos e oferecer novas abordagens e solu\u00e7\u00f5es, al\u00e9m de contar com os profissionais certos para cada demanda espec\u00edfica. A dedica\u00e7\u00e3o em nos atender de forma personalizada faz toda a diferen\u00e7a e fortalece nossa parceria.&#8221;<\/em><\/h6>\n<hr \/>\n<h6 style=\"text-align: center;\"><\/h6>\n<h6 style=\"text-align: center;\"><\/h6>\n<\/div><\/div><div class=\"avia-testimonial-meta\"><div class=\"avia-testimonial-arrow-wrap\"><div class=\"avia-arrow\"><\/div><\/div><div class='avia-testimonial-meta-mini'  itemprop=\"author\" itemscope=\"itemscope\" itemtype=\"https:\/\/schema.org\/Person\" ><strong  class='avia-testimonial-name'  itemprop=\"name\" >Michelle Levy Terni - CoFundadora e CEO \u2013 Filhos do Curr\u00edculo<\/strong><\/div><\/div><\/div><\/div>\n<div class='avia-testimonial av-m217ehek-3-c72d19b4ebbd00dcff63cfe971e7d717 avia-testimonial-row-1 avia-last-testimonial flex_column no_margin av_one_half'><div class='avia-testimonial_inner'  itemscope=\"itemscope\" itemtype=\"https:\/\/schema.org\/CreativeWork\" ><div class='avia-testimonial-content '><div class='avia-testimonial-markup-entry-content'  itemprop=\"text\" ><hr \/>\n<h6 style=\"text-align: center;\"><em>&#8220;A HORUS \u00e9 uma empresa excelente que apoia tanto organiza\u00e7\u00f5es quanto indiv\u00edduos em seu desenvolvimento. Tive a oportunidade de trabalhar com a HORUS s durante uma consultoria na empresa onde atuo, e com a orienta\u00e7\u00e3o do consultor Rafael Mottola, fomos guiados de maneira clara e eficaz rumo ao nosso objetivo, que conseguimos alcan\u00e7ar com sucesso e cujos resultados ainda colhemos. O grande diferencial desse trabalho foi a integra\u00e7\u00e3o da norma \u00e0 cultura e aos processos j\u00e1 existentes, promovendo uma qualidade que se torna parte org\u00e2nica das opera\u00e7\u00f5es da empresa.&#8221;<\/em><\/h6>\n<h6 style=\"text-align: center;\"><\/h6>\n<h6 style=\"text-align: center;\"><\/h6>\n<h6 style=\"text-align: center;\"><\/h6>\n<hr \/>\n<\/div><\/div><div class=\"avia-testimonial-meta\"><div class=\"avia-testimonial-arrow-wrap\"><div class=\"avia-arrow\"><\/div><\/div><div class='avia-testimonial-meta-mini'  itemprop=\"author\" itemscope=\"itemscope\" itemtype=\"https:\/\/schema.org\/Person\" ><strong  class='avia-testimonial-name'  itemprop=\"name\" >Flavia Bitencourt de Carvalho - Coodernadora T\u00e9cnica SIMBIOS Biotecnologia<\/strong><\/div><\/div><\/div><\/div><\/section>\n<section class=\"avia-testimonial-row\"><div class='avia-testimonial av-m217ehek-2-af3d7dfe3a7dcbadd5f347242f502e89 avia-testimonial-row-2 avia-first-testimonial flex_column no_margin av_one_half'><div class='avia-testimonial_inner'  itemscope=\"itemscope\" itemtype=\"https:\/\/schema.org\/CreativeWork\" ><div class='avia-testimonial-content '><div class='avia-testimonial-markup-entry-content'  itemprop=\"text\" ><hr \/>\n<h6 style=\"text-align: center;\"><em>\u201cGostaria de destacar o excelente trabalho realizado pela HORUS. A dedica\u00e7\u00e3o, o profissionalismo e a compet\u00eancia demonstrados pela equipe s\u00e3o evidentes. A capacidade de antecipar riscos, organizar processos de maneira eficiente e promover uma comunica\u00e7\u00e3o clara e transparente nos trouxe resultados expressivos. O comprometimento com a melhoria cont\u00ednua e a busca por solu\u00e7\u00f5es inovadoras t\u00eam sido fundamentais para o sucesso de nossas opera\u00e7\u00f5es. Sem d\u00favida, a HORUS \u00e9 um exemplo de excel\u00eancia em gest\u00e3o, e estamos muito satisfeitos com a parceria.\u201d<\/em><\/h6>\n<hr \/>\n<h6 style=\"text-align: center;\"><\/h6>\n<\/div><\/div><div class=\"avia-testimonial-meta\"><div class=\"avia-testimonial-arrow-wrap\"><div class=\"avia-arrow\"><\/div><\/div><div class='avia-testimonial-meta-mini'  itemprop=\"author\" itemscope=\"itemscope\" itemtype=\"https:\/\/schema.org\/Person\" ><strong  class='avia-testimonial-name'  itemprop=\"name\" >Leila Morais - Gerente da Qualidade - BRASTECH Servi\u00e7os T\u00e9cnicos e Constru\u00e7\u00f5es N\u00e1uticas<\/strong><\/div><\/div><\/div><\/div>\n<div class='avia-testimonial av-m217ehek-1-2-496441f2834d84ece559bb4f71970167 avia-testimonial-row-2 avia-last-testimonial flex_column no_margin av_one_half'><div class='avia-testimonial_inner'  itemscope=\"itemscope\" itemtype=\"https:\/\/schema.org\/CreativeWork\" ><div class='avia-testimonial-content '><div class='avia-testimonial-markup-entry-content'  itemprop=\"text\" ><hr \/>\n<h6 style=\"text-align: center;\"><em>\u201cTive a oportunidade de trabalhar com a HORUS na busca pela certifica\u00e7\u00e3o ISO 9001 para minha empresa e posso afirmar que foi uma experi\u00eancia extremamente positiva. A equipe demonstrou profissionalismo, expertise e dedica\u00e7\u00e3o em todas as etapas do processo, fornecendo orienta\u00e7\u00f5es precisas e personalizadas para as necessidades do nosso neg\u00f3cio. Gra\u00e7as ao apoio deles, conseguimos implementar um sistema de gest\u00e3o da qualidade eficiente, resultando na conquista da certifica\u00e7\u00e3o e na melhoria cont\u00ednua dos nossos processos internos. Recomendo a consultoria para empresas que buscam excel\u00eancia e conformidade com os padr\u00f5es internacionais.\u201d<\/em><\/h6>\n<hr \/>\n<h6 style=\"text-align: center;\"><\/h6>\n<h6 style=\"text-align: center;\"><\/h6>\n<h6 style=\"text-align: center;\"><\/h6>\n<h6 style=\"text-align: center;\"><\/h6>\n<\/div><\/div><div class=\"avia-testimonial-meta\"><div class=\"avia-testimonial-arrow-wrap\"><div class=\"avia-arrow\"><\/div><\/div><div class='avia-testimonial-meta-mini'  itemprop=\"author\" itemscope=\"itemscope\" itemtype=\"https:\/\/schema.org\/Person\" ><strong  class='avia-testimonial-name'  itemprop=\"name\" >Suriene Castellan - Coordenadora e Respons\u00e1vel T\u00e9cnica \u2013 Laborat\u00f3rio LIFAR, do Grupo DIMED<\/strong><\/div><\/div><\/div><\/div><\/section>\n<section class=\"avia-testimonial-row\"><div class='avia-testimonial av-m217ehek-1-3-57ba7a98a1e70d8f9ffa8d9eeaac78ac avia-testimonial-row-3 avia-first-testimonial flex_column no_margin av_one_half'><div class='avia-testimonial_inner'  itemscope=\"itemscope\" itemtype=\"https:\/\/schema.org\/CreativeWork\" ><div class='avia-testimonial-content '><div class='avia-testimonial-markup-entry-content'  itemprop=\"text\" ><hr \/>\n<h6 style=\"text-align: center;\"><em>\u201cA parceria com a HORUS foi extremamente positiva para nossa organiza\u00e7\u00e3o. Desde o primeiro contato, fomos atendidos com profissionalismo e aten\u00e7\u00e3o \u00e0s nossas necessidades espec\u00edficas. Em 2016 conseguimos alinhar nosso sistema da qualidade com as mudan\u00e7as da ISO 9001. O acompanhamento pr\u00f3ximo e a disposi\u00e7\u00e3o em nos apoiar em cada etapa do projeto nos deram seguran\u00e7a para implementar as mudan\u00e7as necess\u00e1rias com confian\u00e7a. Al\u00e9m disso, a consultoria da HORUS desempenhou um papel fundamental na forma\u00e7\u00e3o dos nossos auditores internos da qualidade. A expertise da equipe foi essencial para capacitar nossos colaboradores, proporcionando uma forma\u00e7\u00e3o s\u00f3lida e pr\u00e1tica, o que fortaleceu nossos controles internos e o compromisso com a excel\u00eancia.\u201d<\/em><\/h6>\n<hr \/>\n<h6 style=\"text-align: center;\"><\/h6>\n<h6 style=\"text-align: center;\"><\/h6>\n<h6 style=\"text-align: center;\"><\/h6>\n<\/div><\/div><div class=\"avia-testimonial-meta\"><div class=\"avia-testimonial-arrow-wrap\"><div class=\"avia-arrow\"><\/div><\/div><div class='avia-testimonial-meta-mini'  itemprop=\"author\" itemscope=\"itemscope\" itemtype=\"https:\/\/schema.org\/Person\" ><strong  class='avia-testimonial-name'  itemprop=\"name\" >Marivane Bressan - Coordenadora da Qualidade \u2013 TOLI Distribuidora<\/strong><\/div><\/div><\/div><\/div>\n<div class='avia-testimonial av-m217ehek-1-3f2451ff740acb930f6337fc938e9283 avia-testimonial-row-3 avia-last-testimonial flex_column no_margin av_one_half'><div class='avia-testimonial_inner'  itemscope=\"itemscope\" itemtype=\"https:\/\/schema.org\/CreativeWork\" ><div class='avia-testimonial-content '><div class='avia-testimonial-markup-entry-content'  itemprop=\"text\" ><hr \/>\n<h6 style=\"text-align: center;\"><em>&#8220;O segmento de petr\u00f3leo e g\u00e1s \u00e9 uma \u00e1rea que possui sistemas complexos de processos e pessoas e alto risco envolvido sobretudo em termos de seguran\u00e7a, qualidade e meio ambiente. Devido a isso as regulamenta\u00e7\u00f5es e normas associadas s\u00e3o sistematicamente cada vez mais rigorosas. Contar com o suporte da HORUS em atividades como auditorias internas e avalia\u00e7\u00e3o de fornecedores cr\u00edticos por exemplo me ajudou muito a implementar um Sistema de Gest\u00e3o robusto e alinhado com os padr\u00f5es de qualidade nacionais e internacionais da Companhia. A HORUS \u00e9 uma parceira onde sua marca \u00e9 o conhecimento t\u00e9cnico de seus consultores e o atendimento customizado que desde a etapa de negocia\u00e7\u00e3o procurou entender quais eram as minhas necessidades como cliente e buscar solu\u00e7\u00f5es para, em conjunto, alcan\u00e7armos os objetivos estabelecidos.&#8221;<\/em><\/h6>\n<hr \/>\n<h6 style=\"text-align: center;\"><\/h6>\n<h6 style=\"text-align: center;\"><\/h6>\n<\/div><\/div><div class=\"avia-testimonial-meta\"><div class=\"avia-testimonial-arrow-wrap\"><div class=\"avia-arrow\"><\/div><\/div><div class='avia-testimonial-meta-mini'  itemprop=\"author\" itemscope=\"itemscope\" itemtype=\"https:\/\/schema.org\/Person\" ><strong  class='avia-testimonial-name'  itemprop=\"name\" >Marcos Curty - Ex-Quality Coordinator Brazil SGQ; hoje, Service Delivery Coordinator MPD \u2013 WEATHERFORD Brasil<\/strong><\/div><\/div><\/div><\/div><\/section>\n<section class=\"avia-testimonial-row\"><div class='avia-testimonial av-m217ehek-1-1-842a8088a9cda11973fcea7a23e14ac8 avia-testimonial-row-4 avia-first-testimonial flex_column no_margin av_one_half'><div class='avia-testimonial_inner'  itemscope=\"itemscope\" itemtype=\"https:\/\/schema.org\/CreativeWork\" ><div class='avia-testimonial-content '><div class='avia-testimonial-markup-entry-content'  itemprop=\"text\" ><hr \/>\n<h6><em>&#8220;Conheci o trabalho da HORUS em 2012, enquanto trabalhava em uma multinacional do setor de \u00f3leo e g\u00e1s. Naquela \u00e9poca, tive a oportunidade de conhecer os servi\u00e7os de consultoria em sistema de gest\u00e3o da qualidade e treinamentos oferecidos pela empresa. Em 2016, ao receber uma proposta de outra organiza\u00e7\u00e3o do setor ambiental, recomendei a HORUS para diversos projetos, incluindo auditorias de qualidade, auditorias de requisitos legais e assessoria em seguran\u00e7a. Um dos diferenciais que percebo na HORUS \u00e9 a capacidade de adaptar os projetos \u00e0s necessidades especificas de cada cliente, sempre indicando os profissionais mais adequados e personalizando os servi\u00e7os conforme nossas reais necessidades.&#8221;<\/em><\/h6>\n<hr \/>\n<h6 style=\"text-align: center;\"><\/h6>\n<\/div><\/div><div class=\"avia-testimonial-meta\"><div class=\"avia-testimonial-arrow-wrap\"><div class=\"avia-arrow\"><\/div><\/div><div class='avia-testimonial-meta-mini'  itemprop=\"author\" itemscope=\"itemscope\" itemtype=\"https:\/\/schema.org\/Person\" ><strong  class='avia-testimonial-name'  itemprop=\"name\" >Roberta Cabral M\u00fcller \u2013 Gerente da Qualidade, Seguran\u00e7a e Meio Ambiente \u2013 Funda\u00e7\u00e3o PROAMB<\/strong><\/div><\/div><\/div><\/div>\n<\/section><\/div><br \/>\n<\/p><\/div>\n","protected":false},"excerpt":{"rendered":"","protected":false},"author":1,"featured_media":0,"parent":0,"menu_order":0,"comment_status":"closed","ping_status":"closed","template":"","meta":{"footnotes":""},"class_list":["post-1038","page","type-page","status-publish","hentry"],"_links":{"self":[{"href":"https:\/\/rafaelmottola.com\/horus\/wp-json\/wp\/v2\/pages\/1038","targetHints":{"allow":["GET"]}}],"collection":[{"href":"https:\/\/rafaelmottola.com\/horus\/wp-json\/wp\/v2\/pages"}],"about":[{"href":"https:\/\/rafaelmottola.com\/horus\/wp-json\/wp\/v2\/types\/page"}],"author":[{"embeddable":true,"href":"https:\/\/rafaelmottola.com\/horus\/wp-json\/wp\/v2\/users\/1"}],"replies":[{"embeddable":true,"href":"https:\/\/rafaelmottola.com\/horus\/wp-json\/wp\/v2\/comments?post=1038"}],"version-history":[{"count":30,"href":"https:\/\/rafaelmottola.com\/horus\/wp-json\/wp\/v2\/pages\/1038\/revisions"}],"predecessor-version":[{"id":1079,"href":"https:\/\/rafaelmottola.com\/horus\/wp-json\/wp\/v2\/pages\/1038\/revisions\/1079"}],"wp:attachment":[{"href":"https:\/\/rafaelmottola.com\/horus\/wp-json\/wp\/v2\/media?parent=1038"}],"curies":[{"name":"wp","href":"https:\/\/api.w.org\/{rel}","templated":true}]}}