{"id":343,"date":"2024-08-19T10:47:39","date_gmt":"2024-08-19T10:47:39","guid":{"rendered":"https:\/\/rafaelmottola.com\/horus\/?page_id=343"},"modified":"2024-10-30T11:47:12","modified_gmt":"2024-10-30T11:47:12","slug":"hse","status":"publish","type":"page","link":"https:\/\/rafaelmottola.com\/horus\/hse\/","title":{"rendered":"HFC"},"content":{"rendered":"<div id='av_section_1'  class='avia-section av-a7csv-b53cb807008c74ba6ad4135e9e78bbda main_color avia-section-default avia-no-border-styling  avia-builder-el-0  el_before_av_section  avia-builder-el-first  avia-bg-style-scroll container_wrap fullsize'  ><div class='container av-section-cont-open' ><main  role=\"main\" itemprop=\"mainContentOfPage\"  class='template-page content  av-content-full alpha units'><div class='post-entry post-entry-type-page post-entry-343'><div class='entry-content-wrapper clearfix'>\n\n<style type=\"text\/css\" data-created_by=\"avia_inline_auto\" id=\"style-css-av-m00vl7bx-4b5874d0f39a89e9d7ab3465e483c30c\">\n#top .av-special-heading.av-m00vl7bx-4b5874d0f39a89e9d7ab3465e483c30c{\npadding-bottom:10px;\n}\nbody .av-special-heading.av-m00vl7bx-4b5874d0f39a89e9d7ab3465e483c30c .av-special-heading-tag .heading-char{\nfont-size:25px;\n}\n.av-special-heading.av-m00vl7bx-4b5874d0f39a89e9d7ab3465e483c30c .av-subheading{\nfont-size:15px;\n}\n<\/style>\n<div  class='av-special-heading av-m00vl7bx-4b5874d0f39a89e9d7ab3465e483c30c av-special-heading-h3  avia-builder-el-1  el_before_av_one_third  avia-builder-el-first '><h3 class='av-special-heading-tag'  itemprop=\"headline\"  >HORUS FORMA\u00c7\u00c3O DE CONSULTORES &#8211; HFC<\/h3><div class=\"special-heading-border\"><div class=\"special-heading-inner-border\"><\/div><\/div><\/div>\n<div class='flex_column av-679b-4d36c2007297609203f219d1f0c54543 av_one_third  avia-builder-el-2  el_after_av_heading  el_before_av_two_third  first flex_column_div '     ><\/div><div class='flex_column av-80qjz-3534c01ad3e133f604e89f363d69d2ed av_two_third  avia-builder-el-3  el_after_av_one_third  avia-builder-el-last  flex_column_div '     ><p>\n<style type=\"text\/css\" data-created_by=\"avia_inline_auto\" id=\"style-css-av-m0xkbqjc-8ab981e1614a089f712e804528ce1557\">\n#top .av-rotator-container.av-m0xkbqjc-8ab981e1614a089f712e804528ce1557{\ntext-align:left;\n}\n<\/style>\n<div  class='av-rotator-container av-rotation-container-left av-m0xkbqjc-8ab981e1614a089f712e804528ce1557  avia-builder-el-4  el_before_av_textblock  avia-builder-el-first ' data-interval='5' data-animation='1'><h3 class='av-rotator-container-inner'>AGUARDE<span class='av-rotator-text av-rotator-multiline-on'>\n<span class='av-rotator-text-single av-m0xkbgfm-cabb7f435a3fbb88fa5024437c8053b7 av-rotator-text-single-1'>EM BREVE!<\/span>\n<span class='av-rotator-text-single av-m0xkbgfm-2-c2e83bbd68fe1cb6a7291ee08e0faa98 av-rotator-text-single-2'>EM BREVE!<\/span>\n<span class='av-rotator-text-single av-m0xkbgfm-1-2af756fd06d94ba343d1ca7f913f4aa5 av-rotator-text-single-3'>EM BREVE!<\/span>\n<\/span><\/h3><\/div><br \/>\n\n<style type=\"text\/css\" data-created_by=\"avia_inline_auto\" id=\"style-css-av-m0xk7fej-df45d98f05e38cb9283801afb62836bf\">\n#top .av_textblock_section.av-m0xk7fej-df45d98f05e38cb9283801afb62836bf .avia_textblock{\ncolor:#d3d3d3;\n}\n<\/style>\n<section  class='av_textblock_section av-m0xk7fej-df45d98f05e38cb9283801afb62836bf'  itemscope=\"itemscope\" itemtype=\"https:\/\/schema.org\/CreativeWork\" ><div class='avia_textblock av_inherit_color'  itemprop=\"text\" ><p style=\"font-weight: 400;\">A HFC \u2013 HORUS Forma\u00e7\u00e3o de Consultores \u00e9 uma oportunidade \u00fanica para voc\u00ea que quer se tornar um consultor ou consultora organizacional.<\/p>\n<p style=\"font-weight: 400;\">Atrav\u00e9s do estilo HORUS e de nosso m\u00e9todo de 10 passos, voc\u00ea deixa para tr\u00e1s o o medo e a inseguran\u00e7a e conquista autoridade em consultoria organizacional.<\/p>\n<\/div><\/section><\/p><\/div>\n\n<\/div><\/div><\/main><!-- close content main element --><\/div><\/div>\n<style type=\"text\/css\" data-created_by=\"avia_inline_auto\" id=\"style-css-av-1difpb-34b8897a3ecd6e1b3b789a59c1a2ccee\">\n.avia-section.av-1difpb-34b8897a3ecd6e1b3b789a59c1a2ccee .av-parallax .av-parallax-inner{\nbackground-color:rgba(237,174,68,0.07);\nbackground-image:url(https:\/\/rafaelmottola.com\/horus\/wp-content\/uploads\/2024\/08\/slideshorus-3.jpg);\nbackground-repeat:no-repeat;\nbackground-position:0% 0%;\nbackground-attachment:scroll;\n}\n<\/style>\n<div id='av_section_2'  class='avia-section av-1difpb-34b8897a3ecd6e1b3b789a59c1a2ccee main_color avia-section-default avia-no-border-styling  avia-builder-el-6  el_after_av_section  avia-builder-el-last  av-parallax-section avia-bg-style-parallax av-minimum-height av-minimum-height-custom  container_wrap fullsize'  data-section-bg-repeat='no-repeat' data-av_minimum_height_px='10'><div class='av-parallax' data-avia-parallax-ratio='0.3' ><div class='av-parallax-inner main_color avia-full-stretch'><\/div><\/div><div class='container av-section-cont-open' style='height:10px'><div class='template-page content  av-content-full alpha units'><div class='post-entry post-entry-type-page post-entry-343'><div class='entry-content-wrapper clearfix'>\n<div class='flex_column av-g6uin-2547b4ae83a9441b98655a7a1075d3e2 av_one_fourth  avia-builder-el-7  el_before_av_one_fourth  avia-builder-el-first  first flex_column_div '     ><style type=\"text\/css\" data-created_by=\"avia_inline_auto\" id=\"style-css-av-199efz-cdd90263bf4231a51a3cba096230ad67\">\n#top .av-special-heading.av-199efz-cdd90263bf4231a51a3cba096230ad67{\npadding-bottom:5px;\n}\nbody .av-special-heading.av-199efz-cdd90263bf4231a51a3cba096230ad67 .av-special-heading-tag .heading-char{\nfont-size:25px;\n}\n.av-special-heading.av-199efz-cdd90263bf4231a51a3cba096230ad67 .av-subheading{\nfont-size:15px;\n}\n<\/style>\n<div  class='av-special-heading av-199efz-cdd90263bf4231a51a3cba096230ad67 av-special-heading-h3  avia-builder-el-8  avia-builder-el-no-sibling '><h3 class='av-special-heading-tag'  itemprop=\"headline\"  >CONHE\u00c7A TAMB\u00c9M<\/h3><div class=\"special-heading-border\"><div class=\"special-heading-inner-border\"><\/div><\/div><\/div><\/div><div class='flex_column av-p5ygn-3890ecf6f76942aa4b021f18cad99b80 av_one_fourth  avia-builder-el-9  el_after_av_one_fourth  el_before_av_one_fourth  flex_column_div '     ><style type=\"text\/css\" data-created_by=\"avia_inline_auto\" id=\"style-css-av-tpzjz-5b71a21da823a484984fd858ea991504\">\n#top #wrap_all .iconbox.av-tpzjz-5b71a21da823a484984fd858ea991504 .iconbox_content_title{\ncolor:#996909;\n}\n.iconbox.av-tpzjz-5b71a21da823a484984fd858ea991504 .iconbox_content_container{\ncolor:#000033;\n}\n<\/style>\n<article  class='iconbox iconbox_top av-tpzjz-5b71a21da823a484984fd858ea991504 av-no-box  avia-builder-el-10  avia-builder-el-no-sibling '  itemscope=\"itemscope\" itemtype=\"https:\/\/schema.org\/CreativeWork\" ><div class=\"iconbox_content\"><header class=\"entry-content-header\"><a href='https:\/\/rafaelmottola.com\/horus\/solucoes\/' title='HSE'  class=\"iconbox_icon heading-color\" aria-hidden='true' data-av_icon='\ue8c6' data-av_iconfont='entypo-fontello'><\/a><h3 class='iconbox_content_title '  itemprop=\"headline\" ><a href='https:\/\/rafaelmottola.com\/horus\/solucoes\/' title='HSE' >HSE<\/a><\/h3><\/header><div class='iconbox_content_container av_inherit_color'  itemprop=\"text\" ><p>HORUS <strong>Solu\u00e7\u00f5es Estrat\u00e9gicas<\/strong><\/p>\n<\/div><\/div><footer class=\"entry-footer\"><\/footer><\/article><\/div><div class='flex_column av-hm4yv-3ddf995bc036f6dca649c4b53a11d4cd av_one_fourth  avia-builder-el-11  el_after_av_one_fourth  el_before_av_one_fourth  flex_column_div '     ><style type=\"text\/css\" data-created_by=\"avia_inline_auto\" id=\"style-css-av-l5snb-938d48a3276f8031bac2b0fdb6ccf710\">\n#top #wrap_all .iconbox.av-l5snb-938d48a3276f8031bac2b0fdb6ccf710 .iconbox_content_title{\ncolor:#996909;\n}\n.iconbox.av-l5snb-938d48a3276f8031bac2b0fdb6ccf710 .iconbox_content_container{\ncolor:#000033;\n}\n<\/style>\n<article  class='iconbox iconbox_top av-l5snb-938d48a3276f8031bac2b0fdb6ccf710 av-no-box  avia-builder-el-12  avia-builder-el-no-sibling '  itemscope=\"itemscope\" itemtype=\"https:\/\/schema.org\/CreativeWork\" ><div class=\"iconbox_content\"><header class=\"entry-content-header\"><a href='https:\/\/rafaelmottola.com\/horus\/hso\/' title='HSO'  class=\"iconbox_icon heading-color\" aria-hidden='true' data-av_icon='\ue80b' data-av_iconfont='entypo-fontello'><\/a><h3 class='iconbox_content_title '  itemprop=\"headline\" ><a href='https:\/\/rafaelmottola.com\/horus\/hso\/' title='HSO' >HSO<\/a><\/h3><\/header><div class='iconbox_content_container av_inherit_color'  itemprop=\"text\" ><p>HORUS <strong>Solu\u00e7\u00f5es Operacionais<\/strong><\/p>\n<\/div><\/div><footer class=\"entry-footer\"><\/footer><\/article><\/div><div class='flex_column av-ddrmn-1f91a6ed30fc5c2ed74e41f3e418e914 av_one_fourth  avia-builder-el-13  el_after_av_one_fourth  avia-builder-el-last  flex_column_div '     ><style type=\"text\/css\" data-created_by=\"avia_inline_auto\" id=\"style-css-av-aop13-890f19a11b994299a32010864bb426f3\">\n#top #wrap_all .iconbox.av-aop13-890f19a11b994299a32010864bb426f3 .iconbox_content_title{\ncolor:#996909;\n}\n.iconbox.av-aop13-890f19a11b994299a32010864bb426f3 .iconbox_content_container{\ncolor:#000033;\n}\n<\/style>\n<article  class='iconbox iconbox_top av-aop13-890f19a11b994299a32010864bb426f3 av-no-box  avia-builder-el-14  avia-builder-el-no-sibling '  itemscope=\"itemscope\" itemtype=\"https:\/\/schema.org\/CreativeWork\" ><div class=\"iconbox_content\"><header class=\"entry-content-header\"><a href='https:\/\/rafaelmottola.com\/horus\/hrs\/' title='HRS'  class=\"iconbox_icon heading-color\" aria-hidden='true' data-av_icon='\ue8c9' data-av_iconfont='entypo-fontello'><\/a><h3 class='iconbox_content_title '  itemprop=\"headline\" ><a href='https:\/\/rafaelmottola.com\/horus\/hrs\/' title='HRS' >HRS<\/a><\/h3><\/header><div class='iconbox_content_container av_inherit_color'  itemprop=\"text\" ><p>HRS Academy<\/p>\n<\/div><\/div><footer class=\"entry-footer\"><\/footer><\/article><\/div>\n","protected":false},"excerpt":{"rendered":"","protected":false},"author":1,"featured_media":0,"parent":0,"menu_order":0,"comment_status":"closed","ping_status":"closed","template":"","meta":{"footnotes":""},"class_list":["post-343","page","type-page","status-publish","hentry"],"_links":{"self":[{"href":"https:\/\/rafaelmottola.com\/horus\/wp-json\/wp\/v2\/pages\/343","targetHints":{"allow":["GET"]}}],"collection":[{"href":"https:\/\/rafaelmottola.com\/horus\/wp-json\/wp\/v2\/pages"}],"about":[{"href":"https:\/\/rafaelmottola.com\/horus\/wp-json\/wp\/v2\/types\/page"}],"author":[{"embeddable":true,"href":"https:\/\/rafaelmottola.com\/horus\/wp-json\/wp\/v2\/users\/1"}],"replies":[{"embeddable":true,"href":"https:\/\/rafaelmottola.com\/horus\/wp-json\/wp\/v2\/comments?post=343"}],"version-history":[{"count":28,"href":"https:\/\/rafaelmottola.com\/horus\/wp-json\/wp\/v2\/pages\/343\/revisions"}],"predecessor-version":[{"id":1385,"href":"https:\/\/rafaelmottola.com\/horus\/wp-json\/wp\/v2\/pages\/343\/revisions\/1385"}],"wp:attachment":[{"href":"https:\/\/rafaelmottola.com\/horus\/wp-json\/wp\/v2\/media?parent=343"}],"curies":[{"name":"wp","href":"https:\/\/api.w.org\/{rel}","templated":true}]}}