{"id":349,"date":"2024-08-19T11:06:25","date_gmt":"2024-08-19T11:06:25","guid":{"rendered":"https:\/\/rafaelmottola.com\/horus\/?page_id=349"},"modified":"2024-10-30T11:46:29","modified_gmt":"2024-10-30T11:46:29","slug":"hso","status":"publish","type":"page","link":"https:\/\/rafaelmottola.com\/horus\/hso\/","title":{"rendered":"HSO"},"content":{"rendered":"<div id='av_section_1'  class='avia-section av-9ohsl-95bc1bc00ca219a25be408bb317affc1 main_color avia-section-default avia-no-border-styling  avia-builder-el-0  el_before_av_section  avia-builder-el-first  avia-bg-style-scroll container_wrap fullsize'  ><div class='container av-section-cont-open' ><main  role=\"main\" itemprop=\"mainContentOfPage\"  class='template-page content  av-content-full alpha units'><div class='post-entry post-entry-type-page post-entry-349'><div class='entry-content-wrapper clearfix'>\n\n<style type=\"text\/css\" data-created_by=\"avia_inline_auto\" id=\"style-css-av-m00vomg0-eae202fb2f7f8951ad198a85559d5e94\">\n#top .av-special-heading.av-m00vomg0-eae202fb2f7f8951ad198a85559d5e94{\npadding-bottom:10px;\n}\nbody .av-special-heading.av-m00vomg0-eae202fb2f7f8951ad198a85559d5e94 .av-special-heading-tag .heading-char{\nfont-size:25px;\n}\n.av-special-heading.av-m00vomg0-eae202fb2f7f8951ad198a85559d5e94 .av-subheading{\nfont-size:15px;\n}\n<\/style>\n<div  class='av-special-heading av-m00vomg0-eae202fb2f7f8951ad198a85559d5e94 av-special-heading-h3  avia-builder-el-1  el_before_av_one_full  avia-builder-el-first '><h3 class='av-special-heading-tag'  itemprop=\"headline\"  >HORUS SOLU\u00c7\u00d5ES OPERACIONAIS &#8211; HSO<\/h3><div class=\"special-heading-border\"><div class=\"special-heading-inner-border\"><\/div><\/div><\/div>\n<div class='flex_column av-hh6qd-6b60dbceb3d0ecf29fa70cce21db51e7 av_one_full  avia-builder-el-2  el_after_av_heading  el_before_av_masonry_gallery  avia-builder-el-last  first flex_column_div '     ><section  class='av_textblock_section av-m00w45fa-da324618ed7ce0fb50635a5ec4a290c3'  itemscope=\"itemscope\" itemtype=\"https:\/\/schema.org\/CreativeWork\" ><div class='avia_textblock'  itemprop=\"text\" ><p style=\"font-weight: 400;\"><strong>Nossa Unidade de Neg\u00f3cios HSO\u00a0<\/strong><\/p>\n<p style=\"font-weight: 400;\">Terceiriza\u00e7\u00e3o de profissionais plenos para substituir pessoas chave da organiza\u00e7\u00e3o em momentos de alta demanda, necessidade de afastamento tempor\u00e1rio e ou decis\u00e3o estrat\u00e9gica. Ex.:<\/p>\n<ul>\n<li style=\"font-weight: 400;\">Analistas da qualidade e ou meio ambiente e sa\u00fade e seguran\u00e7a ocupacional<\/li>\n<li style=\"font-weight: 400;\">T\u00e9cnicos de seguran\u00e7a do trabalho<\/li>\n<li style=\"font-weight: 400;\">Inspe\u00e7\u00f5es de controle de qualidade ou sele\u00e7\u00e3o de itens<\/li>\n<li style=\"font-weight: 400;\">Diligenciamentos em fornecedores ou em portos<\/li>\n<li style=\"font-weight: 400;\">Atividades espec\u00edficas (revis\u00e3o das descri\u00e7\u00f5es de cargo com RH e \u00e1reas t\u00e9cnicas, elabora\u00e7\u00e3o de procedimentos, etc.)<\/li>\n<li>Outros<\/li>\n<\/ul>\n<\/div><\/section><\/div><div id='av-masonry-1' class='av-masonry av-m2l2ig8w-a666be3ecaf7bd6d7524d313f65cd2c9 noHover av-fixed-size av-no-gap av-hover-overlay-grayscale av-masonry-animation-active av-masonry-col-3 av-caption-always av-caption-style- av-masonry-gallery ' data-post_id=\"349\"><div class=\"av-masonry-container isotope av-js-disabled\"><div class='av-masonry-entry isotope-item av-masonry-item-no-image '><\/div><a href=\"https:\/\/rafaelmottola.com\/horus\/wp-content\/uploads\/2024\/10\/c16-591x1030.jpg\" data-srcset=\"https:\/\/rafaelmottola.com\/horus\/wp-content\/uploads\/2024\/10\/c16-591x1030.jpg 591w, https:\/\/rafaelmottola.com\/horus\/wp-content\/uploads\/2024\/10\/c16-172x300.jpg 172w, https:\/\/rafaelmottola.com\/horus\/wp-content\/uploads\/2024\/10\/c16-768x1339.jpg 768w, https:\/\/rafaelmottola.com\/horus\/wp-content\/uploads\/2024\/10\/c16-881x1536.jpg 881w, https:\/\/rafaelmottola.com\/horus\/wp-content\/uploads\/2024\/10\/c16-860x1500.jpg 860w, https:\/\/rafaelmottola.com\/horus\/wp-content\/uploads\/2024\/10\/c16-404x705.jpg 404w, https:\/\/rafaelmottola.com\/horus\/wp-content\/uploads\/2024\/10\/c16.jpg 1000w\" data-sizes=\"(max-width: 591px) 100vw, 591px\"  aria-label=\"image image with no title\"  id='av-masonry-1-item-905' data-av-masonry-item='905' class='av-masonry-entry isotope-item post-905 attachment type-attachment status-inherit hentry  av-masonry-item-with-image av-grid-img' title=\"Em deslocamento\" alt=\"\"    itemprop=\"thumbnailUrl\" ><div class='av-inner-masonry-sizer'><\/div><figure class='av-inner-masonry main_color'><div class=\"av-masonry-outerimage-container\"><div class='av-masonry-image-container' style=\"background-image: url(https:\/\/rafaelmottola.com\/horus\/wp-content\/uploads\/2024\/10\/c16-495x400.jpg);\"  ><\/div><\/div><figcaption class='av-inner-masonry-content site-background'><div class='av-inner-masonry-content-pos'><div class='av-inner-masonry-content-pos-content'><div class='avia-arrow'><\/div><div class='av-masonry-entry-content entry-content'  itemprop=\"text\" >Em deslocamento<\/div><\/div><\/div><\/figcaption><\/figure><\/a><!--end av-masonry entry--><a href=\"https:\/\/rafaelmottola.com\/horus\/wp-content\/uploads\/2024\/10\/c40.jpg\" data-srcset=\"https:\/\/rafaelmottola.com\/horus\/wp-content\/uploads\/2024\/10\/c40.jpg 1000w, https:\/\/rafaelmottola.com\/horus\/wp-content\/uploads\/2024\/10\/c40-300x225.jpg 300w, https:\/\/rafaelmottola.com\/horus\/wp-content\/uploads\/2024\/10\/c40-768x576.jpg 768w, https:\/\/rafaelmottola.com\/horus\/wp-content\/uploads\/2024\/10\/c40-705x529.jpg 705w\" data-sizes=\"(max-width: 1000px) 100vw, 1000px\"  aria-label=\"image image with no title\"  id='av-masonry-1-item-928' data-av-masonry-item='928' class='av-masonry-entry isotope-item post-928 attachment type-attachment status-inherit hentry  av-masonry-item-with-image av-grid-img' title=\"Voando para os projetos\" alt=\"\"    itemprop=\"thumbnailUrl\" ><div class='av-inner-masonry-sizer'><\/div><figure class='av-inner-masonry main_color'><div class=\"av-masonry-outerimage-container\"><div class='av-masonry-image-container' style=\"background-image: url(https:\/\/rafaelmottola.com\/horus\/wp-content\/uploads\/2024\/10\/c40-495x400.jpg);\"  ><\/div><\/div><figcaption class='av-inner-masonry-content site-background'><div class='av-inner-masonry-content-pos'><div class='av-inner-masonry-content-pos-content'><div class='avia-arrow'><\/div><div class='av-masonry-entry-content entry-content'  itemprop=\"text\" >Voando para os projetos<\/div><\/div><\/div><\/figcaption><\/figure><\/a><!--end av-masonry entry--><a href=\"https:\/\/rafaelmottola.com\/horus\/wp-content\/uploads\/2024\/10\/c41.jpg\" data-srcset=\"https:\/\/rafaelmottola.com\/horus\/wp-content\/uploads\/2024\/10\/c41.jpg 1000w, https:\/\/rafaelmottola.com\/horus\/wp-content\/uploads\/2024\/10\/c41-300x225.jpg 300w, https:\/\/rafaelmottola.com\/horus\/wp-content\/uploads\/2024\/10\/c41-768x576.jpg 768w, https:\/\/rafaelmottola.com\/horus\/wp-content\/uploads\/2024\/10\/c41-705x529.jpg 705w\" data-sizes=\"(max-width: 1000px) 100vw, 1000px\"  aria-label=\"image image with no title\"  id='av-masonry-1-item-929' data-av-masonry-item='929' class='av-masonry-entry isotope-item post-929 attachment type-attachment status-inherit hentry  av-masonry-item-with-image av-grid-img' title=\"Rainbow\" alt=\"\"    itemprop=\"thumbnailUrl\" ><div class='av-inner-masonry-sizer'><\/div><figure class='av-inner-masonry main_color'><div class=\"av-masonry-outerimage-container\"><div class='av-masonry-image-container' style=\"background-image: url(https:\/\/rafaelmottola.com\/horus\/wp-content\/uploads\/2024\/10\/c41-495x400.jpg);\"  ><\/div><\/div><figcaption class='av-inner-masonry-content site-background'><div class='av-inner-masonry-content-pos'><div class='av-inner-masonry-content-pos-content'><div class='avia-arrow'><\/div><div class='av-masonry-entry-content entry-content'  itemprop=\"text\" >Rainbow<\/div><\/div><\/div><\/figcaption><\/figure><\/a><!--end av-masonry entry--><a href=\"https:\/\/rafaelmottola.com\/horus\/wp-content\/uploads\/2024\/10\/c27.jpg\" data-srcset=\"https:\/\/rafaelmottola.com\/horus\/wp-content\/uploads\/2024\/10\/c27.jpg 1000w, https:\/\/rafaelmottola.com\/horus\/wp-content\/uploads\/2024\/10\/c27-300x226.jpg 300w, https:\/\/rafaelmottola.com\/horus\/wp-content\/uploads\/2024\/10\/c27-768x578.jpg 768w, https:\/\/rafaelmottola.com\/horus\/wp-content\/uploads\/2024\/10\/c27-705x530.jpg 705w\" data-sizes=\"(max-width: 1000px) 100vw, 1000px\"  aria-label=\"image image with no title\"  id='av-masonry-1-item-915' data-av-masonry-item='915' class='av-masonry-entry isotope-item post-915 attachment type-attachment status-inherit hentry  av-masonry-item-with-image av-grid-img' title=\"Veridiana na Walterscheid\" alt=\"\"    itemprop=\"thumbnailUrl\" ><div class='av-inner-masonry-sizer'><\/div><figure class='av-inner-masonry main_color'><div class=\"av-masonry-outerimage-container\"><div class='av-masonry-image-container' style=\"background-image: url(https:\/\/rafaelmottola.com\/horus\/wp-content\/uploads\/2024\/10\/c27-495x400.jpg);\"  ><\/div><\/div><figcaption class='av-inner-masonry-content site-background'><div class='av-inner-masonry-content-pos'><div class='av-inner-masonry-content-pos-content'><div class='avia-arrow'><\/div><div class='av-masonry-entry-content entry-content'  itemprop=\"text\" >Veridiana na Walterscheid<\/div><\/div><\/div><\/figcaption><\/figure><\/a><!--end av-masonry entry--><a href=\"https:\/\/rafaelmottola.com\/horus\/wp-content\/uploads\/2024\/10\/14.jpg\" data-srcset=\"https:\/\/rafaelmottola.com\/horus\/wp-content\/uploads\/2024\/10\/14.jpg 750w, https:\/\/rafaelmottola.com\/horus\/wp-content\/uploads\/2024\/10\/14-225x300.jpg 225w, https:\/\/rafaelmottola.com\/horus\/wp-content\/uploads\/2024\/10\/14-529x705.jpg 529w\" data-sizes=\"(max-width: 750px) 100vw, 750px\"  aria-label=\"image image with no title\"  id='av-masonry-1-item-949' data-av-masonry-item='949' class='av-masonry-entry isotope-item post-949 attachment type-attachment status-inherit hentry  av-masonry-item-with-image av-grid-img' title=\"Veridiana na AGCO\" alt=\"\"    itemprop=\"thumbnailUrl\" ><div class='av-inner-masonry-sizer'><\/div><figure class='av-inner-masonry main_color'><div class=\"av-masonry-outerimage-container\"><div class='av-masonry-image-container' style=\"background-image: url(https:\/\/rafaelmottola.com\/horus\/wp-content\/uploads\/2024\/10\/14-495x400.jpg);\"  ><\/div><\/div><figcaption class='av-inner-masonry-content site-background'><div class='av-inner-masonry-content-pos'><div class='av-inner-masonry-content-pos-content'><div class='avia-arrow'><\/div><div class='av-masonry-entry-content entry-content'  itemprop=\"text\" >Veridiana na AGCO<\/div><\/div><\/div><\/figcaption><\/figure><\/a><!--end av-masonry entry--><\/div><\/div>\n\n<\/div><\/div><\/main><!-- close content main element --><\/div><\/div>\n<style type=\"text\/css\" data-created_by=\"avia_inline_auto\" id=\"style-css-av-18b671-2f3a76c3373d21a027d54c93dabdcc88\">\n.avia-section.av-18b671-2f3a76c3373d21a027d54c93dabdcc88 .av-parallax .av-parallax-inner{\nbackground-color:rgba(237,174,68,0.07);\nbackground-image:url(https:\/\/rafaelmottola.com\/horus\/wp-content\/uploads\/2024\/08\/slideshorus-3.jpg);\nbackground-repeat:no-repeat;\nbackground-position:0% 0%;\nbackground-attachment:scroll;\n}\n<\/style>\n<div id='av_section_2'  class='avia-section av-18b671-2f3a76c3373d21a027d54c93dabdcc88 main_color avia-section-default avia-no-border-styling  avia-builder-el-5  el_after_av_section  avia-builder-el-last  av-parallax-section avia-bg-style-parallax av-minimum-height av-minimum-height-custom  container_wrap fullsize'  data-section-bg-repeat='no-repeat' data-av_minimum_height_px='10'><div class='av-parallax' data-avia-parallax-ratio='0.3' ><div class='av-parallax-inner main_color avia-full-stretch'><\/div><\/div><div class='container av-section-cont-open' style='height:10px'><div class='template-page content  av-content-full alpha units'><div class='post-entry post-entry-type-page post-entry-349'><div class='entry-content-wrapper clearfix'>\n<div class='flex_column av-11yged-7c5148dd008f6cd3905602ebb6dc38d0 av_one_fourth  avia-builder-el-6  el_before_av_one_fourth  avia-builder-el-first  first flex_column_div '     ><style type=\"text\/css\" data-created_by=\"avia_inline_auto\" id=\"style-css-av-wlqwd-a027c0862127028a9a16c717248f880f\">\n#top .av-special-heading.av-wlqwd-a027c0862127028a9a16c717248f880f{\npadding-bottom:5px;\n}\nbody .av-special-heading.av-wlqwd-a027c0862127028a9a16c717248f880f .av-special-heading-tag .heading-char{\nfont-size:25px;\n}\n.av-special-heading.av-wlqwd-a027c0862127028a9a16c717248f880f .av-subheading{\nfont-size:15px;\n}\n<\/style>\n<div  class='av-special-heading av-wlqwd-a027c0862127028a9a16c717248f880f av-special-heading-h3  avia-builder-el-7  avia-builder-el-no-sibling '><h3 class='av-special-heading-tag'  itemprop=\"headline\"  >CONHE\u00c7A TAMB\u00c9M<\/h3><div class=\"special-heading-border\"><div class=\"special-heading-inner-border\"><\/div><\/div><\/div><\/div><div class='flex_column av-rzf8t-5bd7524e913490797f6af0fa9517f16b av_one_fourth  avia-builder-el-8  el_after_av_one_fourth  el_before_av_one_fourth  flex_column_div '     ><style type=\"text\/css\" data-created_by=\"avia_inline_auto\" id=\"style-css-av-tmuwl-492b9303758f71b916790af424878d9d\">\n#top #wrap_all .iconbox.av-tmuwl-492b9303758f71b916790af424878d9d .iconbox_content_title{\ncolor:#996909;\n}\n.iconbox.av-tmuwl-492b9303758f71b916790af424878d9d .iconbox_content_container{\ncolor:#000033;\n}\n<\/style>\n<article  class='iconbox iconbox_top av-tmuwl-492b9303758f71b916790af424878d9d av-no-box  avia-builder-el-9  avia-builder-el-no-sibling '  itemscope=\"itemscope\" itemtype=\"https:\/\/schema.org\/CreativeWork\" ><div class=\"iconbox_content\"><header class=\"entry-content-header\"><a href='https:\/\/rafaelmottola.com\/horus\/solucoes\/' title='HSE'  class=\"iconbox_icon heading-color\" aria-hidden='true' data-av_icon='\ue8c6' data-av_iconfont='entypo-fontello'><\/a><h3 class='iconbox_content_title '  itemprop=\"headline\" ><a href='https:\/\/rafaelmottola.com\/horus\/solucoes\/' title='HSE' >HSE<\/a><\/h3><\/header><div class='iconbox_content_container av_inherit_color'  itemprop=\"text\" ><p>HORUS <strong>Solu\u00e7\u00f5es Estrat\u00e9gicas<\/strong><\/p>\n<\/div><\/div><footer class=\"entry-footer\"><\/footer><\/article><\/div><div class='flex_column av-eel91-7e79c5cc8ee98022f12b90fd69749e83 av_one_fourth  avia-builder-el-10  el_after_av_one_fourth  el_before_av_one_fourth  flex_column_div '     ><style type=\"text\/css\" data-created_by=\"avia_inline_auto\" id=\"style-css-av-k2c4l-aa7e13155c1d8d4abb289874736c1609\">\n#top #wrap_all .iconbox.av-k2c4l-aa7e13155c1d8d4abb289874736c1609 .iconbox_content_title{\ncolor:#996909;\n}\n.iconbox.av-k2c4l-aa7e13155c1d8d4abb289874736c1609 .iconbox_content_container{\ncolor:#000033;\n}\n<\/style>\n<article  class='iconbox iconbox_top av-k2c4l-aa7e13155c1d8d4abb289874736c1609 av-no-box  avia-builder-el-11  avia-builder-el-no-sibling '  itemscope=\"itemscope\" itemtype=\"https:\/\/schema.org\/CreativeWork\" ><div class=\"iconbox_content\"><header class=\"entry-content-header\"><a href='https:\/\/rafaelmottola.com\/horus\/hrs\/' title='HRS'  class=\"iconbox_icon heading-color\" aria-hidden='true' data-av_icon='\ue8c9' data-av_iconfont='entypo-fontello'><\/a><h3 class='iconbox_content_title '  itemprop=\"headline\" ><a href='https:\/\/rafaelmottola.com\/horus\/hrs\/' title='HRS' >HRS<\/a><\/h3><\/header><div class='iconbox_content_container av_inherit_color'  itemprop=\"text\" ><p>HRS Academy<\/p>\n<\/div><\/div><footer class=\"entry-footer\"><\/footer><\/article><\/div><div class='flex_column av-f2zc5-e579d4d30a48994d044033ad5d1110df av_one_fourth  avia-builder-el-12  el_after_av_one_fourth  avia-builder-el-last  flex_column_div '     ><style type=\"text\/css\" data-created_by=\"avia_inline_auto\" id=\"style-css-av-7xo7x-46de09a419767c66231f3e6231815dde\">\n#top #wrap_all .iconbox.av-7xo7x-46de09a419767c66231f3e6231815dde .iconbox_content_title{\ncolor:#996909;\n}\n.iconbox.av-7xo7x-46de09a419767c66231f3e6231815dde .iconbox_content_container{\ncolor:#000033;\n}\n<\/style>\n<article  class='iconbox iconbox_top av-7xo7x-46de09a419767c66231f3e6231815dde av-no-box  avia-builder-el-13  avia-builder-el-no-sibling '  itemscope=\"itemscope\" itemtype=\"https:\/\/schema.org\/CreativeWork\" ><div class=\"iconbox_content\"><header class=\"entry-content-header\"><a href='https:\/\/rafaelmottola.com\/horus\/hse\/' title='HFC'  class=\"iconbox_icon heading-color\" aria-hidden='true' data-av_icon='\ue80c' data-av_iconfont='entypo-fontello'><\/a><h3 class='iconbox_content_title '  itemprop=\"headline\" ><a href='https:\/\/rafaelmottola.com\/horus\/hse\/' title='HFC' >HFC<\/a><\/h3><\/header><div class='iconbox_content_container av_inherit_color'  itemprop=\"text\" ><p>HORUS <strong>Forma\u00e7\u00e3o de Consultores<\/strong><\/p>\n<\/div><\/div><footer class=\"entry-footer\"><\/footer><\/article><\/div>\n","protected":false},"excerpt":{"rendered":"","protected":false},"author":1,"featured_media":0,"parent":0,"menu_order":0,"comment_status":"closed","ping_status":"closed","template":"","meta":{"footnotes":""},"class_list":["post-349","page","type-page","status-publish","hentry"],"_links":{"self":[{"href":"https:\/\/rafaelmottola.com\/horus\/wp-json\/wp\/v2\/pages\/349","targetHints":{"allow":["GET"]}}],"collection":[{"href":"https:\/\/rafaelmottola.com\/horus\/wp-json\/wp\/v2\/pages"}],"about":[{"href":"https:\/\/rafaelmottola.com\/horus\/wp-json\/wp\/v2\/types\/page"}],"author":[{"embeddable":true,"href":"https:\/\/rafaelmottola.com\/horus\/wp-json\/wp\/v2\/users\/1"}],"replies":[{"embeddable":true,"href":"https:\/\/rafaelmottola.com\/horus\/wp-json\/wp\/v2\/comments?post=349"}],"version-history":[{"count":9,"href":"https:\/\/rafaelmottola.com\/horus\/wp-json\/wp\/v2\/pages\/349\/revisions"}],"predecessor-version":[{"id":1384,"href":"https:\/\/rafaelmottola.com\/horus\/wp-json\/wp\/v2\/pages\/349\/revisions\/1384"}],"wp:attachment":[{"href":"https:\/\/rafaelmottola.com\/horus\/wp-json\/wp\/v2\/media?parent=349"}],"curies":[{"name":"wp","href":"https:\/\/api.w.org\/{rel}","templated":true}]}}