{"id":351,"date":"2024-08-19T11:09:01","date_gmt":"2024-08-19T11:09:01","guid":{"rendered":"https:\/\/rafaelmottola.com\/horus\/?page_id=351"},"modified":"2024-10-24T18:36:13","modified_gmt":"2024-10-24T18:36:13","slug":"hrs","status":"publish","type":"page","link":"https:\/\/rafaelmottola.com\/horus\/hrs\/","title":{"rendered":"HRS"},"content":{"rendered":"<div id='av_section_1'  class='avia-section av-81t53-4af592d2a2f1cdf7cd0564ba06038177 main_color avia-section-default avia-no-border-styling  avia-builder-el-0  el_before_av_section  avia-builder-el-first  avia-bg-style-scroll container_wrap fullsize'  ><div class='container av-section-cont-open' ><main  role=\"main\" itemprop=\"mainContentOfPage\"  class='template-page content  av-content-full alpha units'><div class='post-entry post-entry-type-page post-entry-351'><div class='entry-content-wrapper clearfix'>\n\n<style type=\"text\/css\" data-created_by=\"avia_inline_auto\" id=\"style-css-av-m00w6817-f25b70ac7ab98cb47dbeb8b6b8bd5554\">\n#top .av-special-heading.av-m00w6817-f25b70ac7ab98cb47dbeb8b6b8bd5554{\npadding-bottom:10px;\n}\nbody .av-special-heading.av-m00w6817-f25b70ac7ab98cb47dbeb8b6b8bd5554 .av-special-heading-tag .heading-char{\nfont-size:25px;\n}\n.av-special-heading.av-m00w6817-f25b70ac7ab98cb47dbeb8b6b8bd5554 .av-subheading{\nfont-size:15px;\n}\n<\/style>\n<div  class='av-special-heading av-m00w6817-f25b70ac7ab98cb47dbeb8b6b8bd5554 av-special-heading-h3  avia-builder-el-1  el_before_av_one_half  avia-builder-el-first '><h3 class='av-special-heading-tag'  itemprop=\"headline\"  >HRS ACADEMY &#8211; HRS<\/h3><div class=\"special-heading-border\"><div class=\"special-heading-inner-border\"><\/div><\/div><\/div>\n<div class='flex_column av-56zz-b603c5b8d8d3533b1cac87c0d95d52af av_one_half  avia-builder-el-2  el_after_av_heading  el_before_av_one_half  first flex_column_div '     ><section  class='av_textblock_section av-m00w83hk-759d352d964e0b0974a67746ea5ba4c4'  itemscope=\"itemscope\" itemtype=\"https:\/\/schema.org\/CreativeWork\" ><div class='avia_textblock'  itemprop=\"text\" ><p style=\"font-weight: 400;\"><strong>Nossa Unidade de Neg\u00f3cios HRS Academy \u2013 Plataforma EAD:<\/strong><\/p>\n<ul>\n<li style=\"font-weight: 400;\">Treinamentos ass\u00edncronos (gravados) em nossa plataforma de e-learning.<\/li>\n<li style=\"font-weight: 400;\">Modalidades com e sem mentoria.<\/li>\n<li style=\"font-weight: 400;\">Portf\u00f3lio ass\u00edncrono em <a href=\"http:\/\/www.hrsacademy.com.br\" target=\"_blank\" rel=\"noopener\">www.hrsacademy.com.br<\/a><\/li>\n<\/ul>\n<\/div><\/section><\/div><div class='flex_column av-bbab3-c8719a93a18ca43a0d263a12eeea6360 av_one_half  avia-builder-el-4  el_after_av_one_half  el_before_av_hr  flex_column_div '     ><style type=\"text\/css\" data-created_by=\"avia_inline_auto\" id=\"style-css-av-m00x18aw-8a83051a5be086678da8e53290868696\">\n.avia-image-container.av-m00x18aw-8a83051a5be086678da8e53290868696 img.avia_image{\nbox-shadow:none;\n}\n.avia-image-container.av-m00x18aw-8a83051a5be086678da8e53290868696 .av-image-caption-overlay-center{\ncolor:#ffffff;\n}\n<\/style>\n<div  class='avia-image-container av-m00x18aw-8a83051a5be086678da8e53290868696 av-styling- avia-align-center  avia-builder-el-5  avia-builder-el-no-sibling '   itemprop=\"image\" itemscope=\"itemscope\" itemtype=\"https:\/\/schema.org\/ImageObject\" ><div class=\"avia-image-container-inner\"><div class=\"avia-image-overlay-wrap\"><img decoding=\"async\" class='wp-image-361 avia-img-lazy-loading-not-361 avia_image ' src=\"https:\/\/rafaelmottola.com\/horus\/wp-content\/uploads\/2024\/08\/WhatsApp-Image-2024-08-03-at-19.33.15.jpeg\" alt='' title=''  height=\"444\" width=\"960\"  itemprop=\"thumbnailUrl\" srcset=\"https:\/\/rafaelmottola.com\/horus\/wp-content\/uploads\/2024\/08\/WhatsApp-Image-2024-08-03-at-19.33.15.jpeg 960w, https:\/\/rafaelmottola.com\/horus\/wp-content\/uploads\/2024\/08\/WhatsApp-Image-2024-08-03-at-19.33.15-300x139.jpeg 300w, https:\/\/rafaelmottola.com\/horus\/wp-content\/uploads\/2024\/08\/WhatsApp-Image-2024-08-03-at-19.33.15-768x355.jpeg 768w, https:\/\/rafaelmottola.com\/horus\/wp-content\/uploads\/2024\/08\/WhatsApp-Image-2024-08-03-at-19.33.15-705x326.jpeg 705w\" sizes=\"(max-width: 960px) 100vw, 960px\" \/><\/div><\/div><\/div><\/div><div  class='hr av-q5mn-6065af63680c6fd197f848be4ed05f78 hr-default  avia-builder-el-6  el_after_av_one_half  el_before_av_masonry_gallery  avia-builder-el-last '><span class='hr-inner '><span class=\"hr-inner-style\"><\/span><\/span><\/div>\n<div id='av-masonry-1' class='av-masonry av-m2l2tw4u-0e4bc24089311d0ff133fca54783d89b noHover av-fixed-size av-no-gap av-hover-overlay-grayscale av-masonry-animation-active av-masonry-col-5 av-caption-on-hover av-caption-style-overlay av-masonry-gallery ' data-post_id=\"351\"><div class=\"av-masonry-container isotope av-js-disabled\"><div class='av-masonry-entry isotope-item av-masonry-item-no-image '><\/div><a href=\"https:\/\/rafaelmottola.com\/horus\/wp-content\/uploads\/2024\/10\/API-Q1-Aker-1030x579.png\" data-srcset=\"https:\/\/rafaelmottola.com\/horus\/wp-content\/uploads\/2024\/10\/API-Q1-Aker-1030x579.png 1030w, https:\/\/rafaelmottola.com\/horus\/wp-content\/uploads\/2024\/10\/API-Q1-Aker-300x169.png 300w, https:\/\/rafaelmottola.com\/horus\/wp-content\/uploads\/2024\/10\/API-Q1-Aker-768x432.png 768w, https:\/\/rafaelmottola.com\/horus\/wp-content\/uploads\/2024\/10\/API-Q1-Aker-1536x864.png 1536w, https:\/\/rafaelmottola.com\/horus\/wp-content\/uploads\/2024\/10\/API-Q1-Aker-1500x844.png 1500w, https:\/\/rafaelmottola.com\/horus\/wp-content\/uploads\/2024\/10\/API-Q1-Aker-705x397.png 705w, https:\/\/rafaelmottola.com\/horus\/wp-content\/uploads\/2024\/10\/API-Q1-Aker.png 1600w\" data-sizes=\"(max-width: 1030px) 100vw, 1030px\"  aria-label=\"image API Q1 Aker\"  id='av-masonry-1-item-1143' data-av-masonry-item='1143' class='av-masonry-entry isotope-item post-1143 attachment type-attachment status-inherit hentry  av-masonry-item-with-image av-landscape-img' title=\"API Q1 Aker\" alt=\"\"    itemprop=\"thumbnailUrl\" ><div class='av-inner-masonry-sizer'><\/div><figure class='av-inner-masonry main_color'><div class=\"av-masonry-outerimage-container\"><div class='av-masonry-image-container' style=\"background-image: url(https:\/\/rafaelmottola.com\/horus\/wp-content\/uploads\/2024\/10\/API-Q1-Aker-300x169.png);\"  title=\"API Q1 Aker\"  ><\/div><\/div><figcaption class='av-inner-masonry-content site-background'><div class='av-inner-masonry-content-pos'><div class='av-inner-masonry-content-pos-content'><div class='avia-arrow'><\/div><div class='av-masonry-entry-content entry-content'  itemprop=\"text\" >API Q1 Aker<\/div><\/div><\/div><\/figcaption><\/figure><\/a><!--end av-masonry entry--><a href=\"https:\/\/rafaelmottola.com\/horus\/wp-content\/uploads\/2024\/10\/Rafael-com-o-pessoal-da-Aker-1030x553.png\" data-srcset=\"https:\/\/rafaelmottola.com\/horus\/wp-content\/uploads\/2024\/10\/Rafael-com-o-pessoal-da-Aker-1030x553.png 1030w, https:\/\/rafaelmottola.com\/horus\/wp-content\/uploads\/2024\/10\/Rafael-com-o-pessoal-da-Aker-300x161.png 300w, https:\/\/rafaelmottola.com\/horus\/wp-content\/uploads\/2024\/10\/Rafael-com-o-pessoal-da-Aker-768x412.png 768w, https:\/\/rafaelmottola.com\/horus\/wp-content\/uploads\/2024\/10\/Rafael-com-o-pessoal-da-Aker-705x378.png 705w, https:\/\/rafaelmottola.com\/horus\/wp-content\/uploads\/2024\/10\/Rafael-com-o-pessoal-da-Aker.png 1463w\" data-sizes=\"(max-width: 1030px) 100vw, 1030px\"  aria-label=\"image Rafael com o pessoal da Aker\"  id='av-masonry-1-item-1144' data-av-masonry-item='1144' class='av-masonry-entry isotope-item post-1144 attachment type-attachment status-inherit hentry  av-masonry-item-with-image av-landscape-img' title=\"Rafael com o pessoal da Aker\" alt=\"\"    itemprop=\"thumbnailUrl\" ><div class='av-inner-masonry-sizer'><\/div><figure class='av-inner-masonry main_color'><div class=\"av-masonry-outerimage-container\"><div class='av-masonry-image-container' style=\"background-image: url(https:\/\/rafaelmottola.com\/horus\/wp-content\/uploads\/2024\/10\/Rafael-com-o-pessoal-da-Aker-300x161.png);\"  title=\"Rafael com o pessoal da Aker\"  ><\/div><\/div><figcaption class='av-inner-masonry-content site-background'><div class='av-inner-masonry-content-pos'><div class='av-inner-masonry-content-pos-content'><div class='avia-arrow'><\/div><div class='av-masonry-entry-content entry-content'  itemprop=\"text\" >Rafael com o pessoal da Aker<\/div><\/div><\/div><\/figcaption><\/figure><\/a><!--end av-masonry entry--><a href=\"https:\/\/rafaelmottola.com\/horus\/wp-content\/uploads\/2024\/10\/Rafael-com-o-pessoal-da-Toli-1030x589.jpg\" data-srcset=\"https:\/\/rafaelmottola.com\/horus\/wp-content\/uploads\/2024\/10\/Rafael-com-o-pessoal-da-Toli-1030x589.jpg 1030w, https:\/\/rafaelmottola.com\/horus\/wp-content\/uploads\/2024\/10\/Rafael-com-o-pessoal-da-Toli-300x171.jpg 300w, https:\/\/rafaelmottola.com\/horus\/wp-content\/uploads\/2024\/10\/Rafael-com-o-pessoal-da-Toli-768x439.jpg 768w, https:\/\/rafaelmottola.com\/horus\/wp-content\/uploads\/2024\/10\/Rafael-com-o-pessoal-da-Toli-1536x878.jpg 1536w, https:\/\/rafaelmottola.com\/horus\/wp-content\/uploads\/2024\/10\/Rafael-com-o-pessoal-da-Toli-1500x857.jpg 1500w, https:\/\/rafaelmottola.com\/horus\/wp-content\/uploads\/2024\/10\/Rafael-com-o-pessoal-da-Toli-705x403.jpg 705w, https:\/\/rafaelmottola.com\/horus\/wp-content\/uploads\/2024\/10\/Rafael-com-o-pessoal-da-Toli.jpg 1559w\" data-sizes=\"(max-width: 1030px) 100vw, 1030px\"  aria-label=\"image Rafael com o pessoal da Toli\"  id='av-masonry-1-item-1145' data-av-masonry-item='1145' class='av-masonry-entry isotope-item post-1145 attachment type-attachment status-inherit hentry  av-masonry-item-with-image av-landscape-img' title=\"Rafael com o pessoal da Toli\" alt=\"\"    itemprop=\"thumbnailUrl\" ><div class='av-inner-masonry-sizer'><\/div><figure class='av-inner-masonry main_color'><div class=\"av-masonry-outerimage-container\"><div class='av-masonry-image-container' style=\"background-image: url(https:\/\/rafaelmottola.com\/horus\/wp-content\/uploads\/2024\/10\/Rafael-com-o-pessoal-da-Toli-300x171.jpg);\"  title=\"Rafael com o pessoal da Toli\"  ><\/div><\/div><figcaption class='av-inner-masonry-content site-background'><div class='av-inner-masonry-content-pos'><div class='av-inner-masonry-content-pos-content'><div class='avia-arrow'><\/div><div class='av-masonry-entry-content entry-content'  itemprop=\"text\" >Rafael com o pessoal da Toli<\/div><\/div><\/div><\/figcaption><\/figure><\/a><!--end av-masonry entry--><a href=\"https:\/\/rafaelmottola.com\/horus\/wp-content\/uploads\/2024\/10\/Rafael-em-Vancouver-buscando-por-sinal-de-internet-1030x579.jpg\" data-srcset=\"https:\/\/rafaelmottola.com\/horus\/wp-content\/uploads\/2024\/10\/Rafael-em-Vancouver-buscando-por-sinal-de-internet-1030x579.jpg 1030w, https:\/\/rafaelmottola.com\/horus\/wp-content\/uploads\/2024\/10\/Rafael-em-Vancouver-buscando-por-sinal-de-internet-300x169.jpg 300w, https:\/\/rafaelmottola.com\/horus\/wp-content\/uploads\/2024\/10\/Rafael-em-Vancouver-buscando-por-sinal-de-internet-768x432.jpg 768w, https:\/\/rafaelmottola.com\/horus\/wp-content\/uploads\/2024\/10\/Rafael-em-Vancouver-buscando-por-sinal-de-internet-1536x864.jpg 1536w, https:\/\/rafaelmottola.com\/horus\/wp-content\/uploads\/2024\/10\/Rafael-em-Vancouver-buscando-por-sinal-de-internet-1500x844.jpg 1500w, https:\/\/rafaelmottola.com\/horus\/wp-content\/uploads\/2024\/10\/Rafael-em-Vancouver-buscando-por-sinal-de-internet-705x397.jpg 705w, https:\/\/rafaelmottola.com\/horus\/wp-content\/uploads\/2024\/10\/Rafael-em-Vancouver-buscando-por-sinal-de-internet-rotated.jpg 1920w\" data-sizes=\"(max-width: 1030px) 100vw, 1030px\"  aria-label=\"image Rafael em Vancouver buscando por sinal de internet\"  id='av-masonry-1-item-1146' data-av-masonry-item='1146' class='av-masonry-entry isotope-item post-1146 attachment type-attachment status-inherit hentry  av-masonry-item-with-image av-landscape-img' title=\"Rafael em Vancouver buscando por sinal de internet\" alt=\"\"    itemprop=\"thumbnailUrl\" ><div class='av-inner-masonry-sizer'><\/div><figure class='av-inner-masonry main_color'><div class=\"av-masonry-outerimage-container\"><div class='av-masonry-image-container' style=\"background-image: url(https:\/\/rafaelmottola.com\/horus\/wp-content\/uploads\/2024\/10\/Rafael-em-Vancouver-buscando-por-sinal-de-internet-300x169.jpg);\"  title=\"Rafael em Vancouver buscando por sinal de internet\"  ><\/div><\/div><figcaption class='av-inner-masonry-content site-background'><div class='av-inner-masonry-content-pos'><div class='av-inner-masonry-content-pos-content'><div class='avia-arrow'><\/div><div class='av-masonry-entry-content entry-content'  itemprop=\"text\" >Rafael em Vancouver buscando por sinal de internet<\/div><\/div><\/div><\/figcaption><\/figure><\/a><!--end av-masonry entry--><a href=\"https:\/\/rafaelmottola.com\/horus\/wp-content\/uploads\/2024\/10\/Paulo-Uberti-1030x1030.jpg\" data-srcset=\"https:\/\/rafaelmottola.com\/horus\/wp-content\/uploads\/2024\/10\/Paulo-Uberti-1030x1030.jpg 1030w, https:\/\/rafaelmottola.com\/horus\/wp-content\/uploads\/2024\/10\/Paulo-Uberti-300x300.jpg 300w, https:\/\/rafaelmottola.com\/horus\/wp-content\/uploads\/2024\/10\/Paulo-Uberti-80x80.jpg 80w, https:\/\/rafaelmottola.com\/horus\/wp-content\/uploads\/2024\/10\/Paulo-Uberti-768x768.jpg 768w, https:\/\/rafaelmottola.com\/horus\/wp-content\/uploads\/2024\/10\/Paulo-Uberti-36x36.jpg 36w, https:\/\/rafaelmottola.com\/horus\/wp-content\/uploads\/2024\/10\/Paulo-Uberti-180x180.jpg 180w, https:\/\/rafaelmottola.com\/horus\/wp-content\/uploads\/2024\/10\/Paulo-Uberti-705x705.jpg 705w, https:\/\/rafaelmottola.com\/horus\/wp-content\/uploads\/2024\/10\/Paulo-Uberti.jpg 1080w\" data-sizes=\"(max-width: 1030px) 100vw, 1030px\"  aria-label=\"image Paulo Uberti\"  id='av-masonry-1-item-1270' data-av-masonry-item='1270' class='av-masonry-entry isotope-item post-1270 attachment type-attachment status-inherit hentry  av-masonry-item-with-image av-grid-img' title=\"Paulo Uberti\" alt=\"\"    itemprop=\"thumbnailUrl\" ><div class='av-inner-masonry-sizer'><\/div><figure class='av-inner-masonry main_color'><div class=\"av-masonry-outerimage-container\"><div class='av-masonry-image-container' style=\"background-image: url(https:\/\/rafaelmottola.com\/horus\/wp-content\/uploads\/2024\/10\/Paulo-Uberti-300x300.jpg);\"  title=\"Paulo Uberti\"  ><\/div><\/div><figcaption class='av-inner-masonry-content site-background'><div class='av-inner-masonry-content-pos'><div class='av-inner-masonry-content-pos-content'><div class='avia-arrow'><\/div><div class='av-masonry-entry-content entry-content'  itemprop=\"text\" >Paulo Uberti<\/div><\/div><\/div><\/figcaption><\/figure><\/a><!--end av-masonry entry--><\/div><\/div>\n<\/div><\/div><\/main><!-- close content main element --><\/div><\/div>\n<style type=\"text\/css\" data-created_by=\"avia_inline_auto\" id=\"style-css-av-1klh1b-3d1a9a93a5ec4e17d88b429680af2038\">\n.avia-section.av-1klh1b-3d1a9a93a5ec4e17d88b429680af2038 .av-parallax .av-parallax-inner{\nbackground-color:rgba(237,174,68,0.07);\nbackground-image:url(https:\/\/rafaelmottola.com\/horus\/wp-content\/uploads\/2024\/08\/slideshorus-3.jpg);\nbackground-repeat:no-repeat;\nbackground-position:0% 0%;\nbackground-attachment:scroll;\n}\n<\/style>\n<div id='av_section_2'  class='avia-section av-1klh1b-3d1a9a93a5ec4e17d88b429680af2038 main_color avia-section-default avia-no-border-styling  avia-builder-el-8  el_after_av_section  avia-builder-el-last  av-parallax-section avia-bg-style-parallax av-minimum-height av-minimum-height-custom  container_wrap fullsize'  data-section-bg-repeat='no-repeat' data-av_minimum_height_px='10'><div class='av-parallax' data-avia-parallax-ratio='0.3' ><div class='av-parallax-inner main_color avia-full-stretch'><\/div><\/div><div class='container av-section-cont-open' style='height:10px'><div class='template-page content  av-content-full alpha units'><div class='post-entry post-entry-type-page post-entry-351'><div class='entry-content-wrapper clearfix'>\n<div class='flex_column av-1fcce7-bec4b68d4cdd0ea4eb7921a50c2f5d88 av_one_fourth  avia-builder-el-9  el_before_av_one_fourth  avia-builder-el-first  first flex_column_div '     ><style type=\"text\/css\" data-created_by=\"avia_inline_auto\" id=\"style-css-av-1a746n-c31a75ca66ee1c036087e0cc2bb80665\">\n#top .av-special-heading.av-1a746n-c31a75ca66ee1c036087e0cc2bb80665{\npadding-bottom:5px;\n}\nbody .av-special-heading.av-1a746n-c31a75ca66ee1c036087e0cc2bb80665 .av-special-heading-tag .heading-char{\nfont-size:25px;\n}\n.av-special-heading.av-1a746n-c31a75ca66ee1c036087e0cc2bb80665 .av-subheading{\nfont-size:15px;\n}\n<\/style>\n<div  class='av-special-heading av-1a746n-c31a75ca66ee1c036087e0cc2bb80665 av-special-heading-h3  avia-builder-el-10  avia-builder-el-no-sibling '><h3 class='av-special-heading-tag'  itemprop=\"headline\"  >CONHE\u00c7A TAMB\u00c9M<\/h3><div class=\"special-heading-border\"><div class=\"special-heading-inner-border\"><\/div><\/div><\/div><\/div><div class='flex_column av-12a45j-38bb5bb9e297101619ca21320731df4a av_one_fourth  avia-builder-el-11  el_after_av_one_fourth  el_before_av_one_fourth  flex_column_div '     ><style type=\"text\/css\" data-created_by=\"avia_inline_auto\" id=\"style-css-av-zbhf3-44111ab9d28e76b7eefd2b3ccd552d59\">\n#top #wrap_all .iconbox.av-zbhf3-44111ab9d28e76b7eefd2b3ccd552d59 .iconbox_content_title{\ncolor:#996909;\n}\n.iconbox.av-zbhf3-44111ab9d28e76b7eefd2b3ccd552d59 .iconbox_content_container{\ncolor:#000033;\n}\n<\/style>\n<article  class='iconbox iconbox_top av-zbhf3-44111ab9d28e76b7eefd2b3ccd552d59 av-no-box  avia-builder-el-12  avia-builder-el-no-sibling '  itemscope=\"itemscope\" itemtype=\"https:\/\/schema.org\/CreativeWork\" ><div class=\"iconbox_content\"><header class=\"entry-content-header\"><a href='https:\/\/rafaelmottola.com\/horus\/solucoes\/' title='HSE'  class=\"iconbox_icon heading-color\" aria-hidden='true' data-av_icon='\ue8c6' data-av_iconfont='entypo-fontello'><\/a><h3 class='iconbox_content_title '  itemprop=\"headline\" ><a href='https:\/\/rafaelmottola.com\/horus\/solucoes\/' title='HSE' >HSE<\/a><\/h3><\/header><div class='iconbox_content_container av_inherit_color'  itemprop=\"text\" ><p>HORUS <strong>Solu\u00e7\u00f5es Estrat\u00e9gicas<\/strong><\/p>\n<\/div><\/div><footer class=\"entry-footer\"><\/footer><\/article><\/div><div class='flex_column av-pospj-77bf6e2d4bb9e4da8434b3f7ab35e572 av_one_fourth  avia-builder-el-13  el_after_av_one_fourth  el_before_av_one_fourth  flex_column_div '     ><style type=\"text\/css\" data-created_by=\"avia_inline_auto\" id=\"style-css-av-nompr-7d65bbace1dd30980a977a0a07b76c08\">\n#top #wrap_all .iconbox.av-nompr-7d65bbace1dd30980a977a0a07b76c08 .iconbox_content_title{\ncolor:#996909;\n}\n.iconbox.av-nompr-7d65bbace1dd30980a977a0a07b76c08 .iconbox_content_container{\ncolor:#000033;\n}\n<\/style>\n<article  class='iconbox iconbox_top av-nompr-7d65bbace1dd30980a977a0a07b76c08 av-no-box  avia-builder-el-14  avia-builder-el-no-sibling '  itemscope=\"itemscope\" itemtype=\"https:\/\/schema.org\/CreativeWork\" ><div class=\"iconbox_content\"><header class=\"entry-content-header\"><a href='https:\/\/rafaelmottola.com\/horus\/hso\/' title='HSO'  class=\"iconbox_icon heading-color\" aria-hidden='true' data-av_icon='\ue80b' data-av_iconfont='entypo-fontello'><\/a><h3 class='iconbox_content_title '  itemprop=\"headline\" ><a href='https:\/\/rafaelmottola.com\/horus\/hso\/' title='HSO' >HSO<\/a><\/h3><\/header><div class='iconbox_content_container av_inherit_color'  itemprop=\"text\" ><p>HORUS <strong>Solu\u00e7\u00f5es Operacionais<\/strong><\/p>\n<\/div><\/div><footer class=\"entry-footer\"><\/footer><\/article><\/div><div class='flex_column av-ffo4n-47f699fade363b8a34f5552b8d44fd53 av_one_fourth  avia-builder-el-15  el_after_av_one_fourth  avia-builder-el-last  flex_column_div '     ><style type=\"text\/css\" data-created_by=\"avia_inline_auto\" id=\"style-css-av-a3hx3-ec7a177b87eb8ac95c79c40fd1542bf5\">\n#top #wrap_all .iconbox.av-a3hx3-ec7a177b87eb8ac95c79c40fd1542bf5 .iconbox_content_title{\ncolor:#996909;\n}\n.iconbox.av-a3hx3-ec7a177b87eb8ac95c79c40fd1542bf5 .iconbox_content_container{\ncolor:#000033;\n}\n<\/style>\n<article  class='iconbox iconbox_top av-a3hx3-ec7a177b87eb8ac95c79c40fd1542bf5 av-no-box  avia-builder-el-16  avia-builder-el-no-sibling '  itemscope=\"itemscope\" itemtype=\"https:\/\/schema.org\/CreativeWork\" ><div class=\"iconbox_content\"><header class=\"entry-content-header\"><a href='https:\/\/rafaelmottola.com\/horus\/hse\/' title='HFC'  class=\"iconbox_icon heading-color\" aria-hidden='true' data-av_icon='\ue80c' data-av_iconfont='entypo-fontello'><\/a><h3 class='iconbox_content_title '  itemprop=\"headline\" ><a href='https:\/\/rafaelmottola.com\/horus\/hse\/' title='HFC' >HFC<\/a><\/h3><\/header><div class='iconbox_content_container av_inherit_color'  itemprop=\"text\" ><p>HORUS <strong>Forma\u00e7\u00e3o de Consultores<\/strong><\/p>\n<\/div><\/div><footer class=\"entry-footer\"><\/footer><\/article><\/div>\n<\/p>\n","protected":false},"excerpt":{"rendered":"","protected":false},"author":1,"featured_media":0,"parent":0,"menu_order":0,"comment_status":"closed","ping_status":"closed","template":"","meta":{"footnotes":""},"class_list":["post-351","page","type-page","status-publish","hentry"],"_links":{"self":[{"href":"https:\/\/rafaelmottola.com\/horus\/wp-json\/wp\/v2\/pages\/351","targetHints":{"allow":["GET"]}}],"collection":[{"href":"https:\/\/rafaelmottola.com\/horus\/wp-json\/wp\/v2\/pages"}],"about":[{"href":"https:\/\/rafaelmottola.com\/horus\/wp-json\/wp\/v2\/types\/page"}],"author":[{"embeddable":true,"href":"https:\/\/rafaelmottola.com\/horus\/wp-json\/wp\/v2\/users\/1"}],"replies":[{"embeddable":true,"href":"https:\/\/rafaelmottola.com\/horus\/wp-json\/wp\/v2\/comments?post=351"}],"version-history":[{"count":16,"href":"https:\/\/rafaelmottola.com\/horus\/wp-json\/wp\/v2\/pages\/351\/revisions"}],"predecessor-version":[{"id":1273,"href":"https:\/\/rafaelmottola.com\/horus\/wp-json\/wp\/v2\/pages\/351\/revisions\/1273"}],"wp:attachment":[{"href":"https:\/\/rafaelmottola.com\/horus\/wp-json\/wp\/v2\/media?parent=351"}],"curies":[{"name":"wp","href":"https:\/\/api.w.org\/{rel}","templated":true}]}}